{"id":746,"date":"2016-02-02T13:58:33","date_gmt":"2016-02-02T12:58:33","guid":{"rendered":"http:\/\/dom-orehovica.hr\/web\/?page_id=746"},"modified":"2016-02-02T13:58:33","modified_gmt":"2016-02-02T12:58:33","slug":"strucno-vijece","status":"publish","type":"page","link":"https:\/\/dom-orehovica.hr\/?page_id=746","title":{"rendered":"Stru\u010dno vije\u0107e"},"content":{"rendered":"<p>STRU\u010cNO VIJE\u0106E<\/p>\n<p>Stru\u010dno vije\u0107e Doma za odrasle osobe Orehovica \u010dine svi stru\u010dni radnici sukladno odredbama Zakona o socijalnoj skrbi. Ostale informacije o Stru\u010dnom vije\u0107u nalaze se u <a href=\"http:\/\/dom-orehovica.hr\/wp-content\/uploads\/2016\/02\/POSLOVNIK-O-RADU-STRUCNOG-VIJECA-DOMA.doc\">Poslovniku o radu Stru\u010dnog vije\u0107a<\/a>.<\/p>\n<p>Izvje\u0161\u0107a o odr\u017eanim sjednicama:<\/p>\n","protected":false},"excerpt":{"rendered":"<p>STRU\u010cNO VIJE\u0106E Stru\u010dno vije\u0107e Doma za odrasle osobe Orehovica \u010dine svi stru\u010dni radnici sukladno odredbama Zakona o socijalnoj skrbi. Ostale informacije o Stru\u010dnom vije\u0107u nalaze se u Poslovniku o radu Stru\u010dnog vije\u0107a. Izvje\u0161\u0107a o odr\u017eanim sjednicama:<\/p>\n","protected":false},"author":3,"featured_media":0,"parent":1231,"menu_order":2,"comment_status":"closed","ping_status":"open","template":"","meta":{"ngg_post_thumbnail":0,"footnotes":""},"_links":{"self":[{"href":"https:\/\/dom-orehovica.hr\/index.php?rest_route=\/wp\/v2\/pages\/746"}],"collection":[{"href":"https:\/\/dom-orehovica.hr\/index.php?rest_route=\/wp\/v2\/pages"}],"about":[{"href":"https:\/\/dom-orehovica.hr\/index.php?rest_route=\/wp\/v2\/types\/page"}],"author":[{"embeddable":true,"href":"https:\/\/dom-orehovica.hr\/index.php?rest_route=\/wp\/v2\/users\/3"}],"replies":[{"embeddable":true,"href":"https:\/\/dom-orehovica.hr\/index.php?rest_route=%2Fwp%2Fv2%2Fcomments&post=746"}],"version-history":[{"count":0,"href":"https:\/\/dom-orehovica.hr\/index.php?rest_route=\/wp\/v2\/pages\/746\/revisions"}],"up":[{"embeddable":true,"href":"https:\/\/dom-orehovica.hr\/index.php?rest_route=\/wp\/v2\/pages\/1231"}],"wp:attachment":[{"href":"https:\/\/dom-orehovica.hr\/index.php?rest_route=%2Fwp%2Fv2%2Fmedia&parent=746"}],"curies":[{"name":"wp","href":"https:\/\/api.w.org\/{rel}","templated":true}]}}