{"id":737,"date":"2016-02-02T13:39:47","date_gmt":"2016-02-02T12:39:47","guid":{"rendered":"http:\/\/dom-orehovica.hr\/web\/?page_id=737"},"modified":"2024-04-24T10:50:06","modified_gmt":"2024-04-24T08:50:06","slug":"organizacija","status":"publish","type":"page","link":"https:\/\/dom-orehovica.hr\/?page_id=737","title":{"rendered":"Organizacija"},"content":{"rendered":"<p>Ravnateljica Doma je Melita Horvat, mag. act. soc.;<br \/>\ntel. 040\/635-205, e-mail: melita.horvat@socskrb.hr<\/p>\n<p>&nbsp;<\/p>\n<p>U Domu su ustrojeni sljede\u0107i odjeli:<\/p>\n<ol>\n<li><strong>Odjel smje\u0161taja i izvaninstitucijskih usluga:<\/strong><br \/>\nDoroteja Luk\u0161a, dipl. soc. radnik, voditelj odjela;<br \/>\ntel.\u00a0099\/6066-302, email: doroteja.luksa@socskrb.hr<\/li>\n<li><strong>Odjel brige o zdravlju i njege:<\/strong><br \/>\nMartina Novak, bacc. med. techn., voditelj odjela;<br \/>\ntel. 099\/6066-303, e-mail: domorehovicaambulanta@gmail.com<br \/>\n<strong>Stru\u010dna cjelina njege:<\/strong><br \/>\nJelena Vuleti\u0107 \u010ci\u010dko, vi\u0161a medicinska sestra, voditelj stru\u010dne cjeline njege<\/li>\n<li><strong>Ustrojbena jedinica prehrambenih i pomo\u0107no-tehni\u010dkih poslova:<\/strong><br \/>\nBo\u017eica Varga, ekonomist, voditelj ustrojbene jedinice;<br \/>\ntel. 099\/6066-311, email: bozica.varga@socskrb.hr<\/li>\n<li><strong>Odjel financijsko, ra\u010dunovodstvenih i administrativnih poslova:<\/strong><br \/>\nKatarina Bukovi\u0107, univ. bacc. oec, voditeljica odjela;<br \/>\ntel. 099\/6066-301, e-mail: katarina.bukovic@socskrb.hr<\/li>\n<\/ol>\n<p>&nbsp;<\/p>\n","protected":false},"excerpt":{"rendered":"<p>Ravnateljica Doma je Melita Horvat, mag. act. soc.; tel. 040\/635-205, e-mail: melita.horvat@socskrb.hr &nbsp; U Domu su ustrojeni sljede\u0107i odjeli: Odjel smje\u0161taja i izvaninstitucijskih usluga: Doroteja Luk\u0161a, dipl. soc. radnik, voditelj odjela; tel.\u00a0099\/6066-302, email: doroteja.luksa@socskrb.hr Odjel brige o zdravlju i njege: Martina Novak, bacc. med. techn., voditelj odjela; tel. 099\/6066-303, e-mail: domorehovicaambulanta@gmail.com Stru\u010dna cjelina njege: Jelena&hellip;<\/p>\n","protected":false},"author":3,"featured_media":0,"parent":1231,"menu_order":0,"comment_status":"closed","ping_status":"open","template":"","meta":{"ngg_post_thumbnail":0,"footnotes":""},"_links":{"self":[{"href":"https:\/\/dom-orehovica.hr\/index.php?rest_route=\/wp\/v2\/pages\/737"}],"collection":[{"href":"https:\/\/dom-orehovica.hr\/index.php?rest_route=\/wp\/v2\/pages"}],"about":[{"href":"https:\/\/dom-orehovica.hr\/index.php?rest_route=\/wp\/v2\/types\/page"}],"author":[{"embeddable":true,"href":"https:\/\/dom-orehovica.hr\/index.php?rest_route=\/wp\/v2\/users\/3"}],"replies":[{"embeddable":true,"href":"https:\/\/dom-orehovica.hr\/index.php?rest_route=%2Fwp%2Fv2%2Fcomments&post=737"}],"version-history":[{"count":22,"href":"https:\/\/dom-orehovica.hr\/index.php?rest_route=\/wp\/v2\/pages\/737\/revisions"}],"predecessor-version":[{"id":3933,"href":"https:\/\/dom-orehovica.hr\/index.php?rest_route=\/wp\/v2\/pages\/737\/revisions\/3933"}],"up":[{"embeddable":true,"href":"https:\/\/dom-orehovica.hr\/index.php?rest_route=\/wp\/v2\/pages\/1231"}],"wp:attachment":[{"href":"https:\/\/dom-orehovica.hr\/index.php?rest_route=%2Fwp%2Fv2%2Fmedia&parent=737"}],"curies":[{"name":"wp","href":"https:\/\/api.w.org\/{rel}","templated":true}]}}