{"id":50,"date":"2011-11-26T12:46:14","date_gmt":"2011-11-26T11:46:14","guid":{"rendered":"http:\/\/dom-orehovica.hr.win7.mojsite.com\/web\/?page_id=50"},"modified":"2011-11-26T12:46:14","modified_gmt":"2011-11-26T11:46:14","slug":"dokumentacija-za-smjestaj","status":"publish","type":"page","link":"https:\/\/dom-orehovica.hr\/?page_id=50","title":{"rendered":"Dokumentacija za smje\u0161taj"},"content":{"rendered":"<p><strong>Koju dokumentaciju treba sadr\u017eavati zahtjev za smje\u0161taj?<\/strong><\/p>\n<p>Ako ste zainteresirani za smje\u0161taj u ovom Domu, i \u017eelite postati korisnikom na\u0161ih usluga,molimo Vas da prikupite i dostavite sljede\u0107u dokumentaciju:<\/p>\n<p>1. Zahtjev nadle\u017enog CZSS o smje\u0161taju<br \/>\n2. Preslika rodnog lista (ne stariji od \u0161est mjeseci)<br \/>\n3. Preslika domovnice<br \/>\n4. Preslika vjen\u010danog lista (ako je osoba u braku)<br \/>\n5. Preslika osobne iskaznice<br \/>\n6. Preslika zdravstvene iskaznice<br \/>\n7. Preslika dopunskog osiguranja<br \/>\n8. Preslika zadnjeg odreska od mirovine<br \/>\n9. Socijalna anamneza (ispunjava ju nadle\u017eni socijalni radnik u CZSS)<br \/>\n10. Nalaz psihijatra (ne stariji od \u0161est mjeseci)<br \/>\n11. Preslika otpusnih pisama i preslike nalaza specijalista koje posjedujete<br \/>\n12. Potvrdu lije\u010dnika op\u0107e prakse da osoba ne boluje od zaraznih bolesti<br \/>\n13. Rje\u0161enje CZSS o skrbi izvan vlastite obitelji<br \/>\n14. Individualni plan (njega donosi nadle\u017eni socijalni radnik)<\/p>\n<p><em>Preuzmite dokumente u pdf formatu:<br \/>\n<\/em><span style=\"text-decoration: underline;\"><a href=\"http:\/\/dom-orehovica.hr\/wp-content\/uploads\/2011\/11\/Dokumentacija-za-smjestaj_Dom-Orehovica.pdf\" target=\"_blank\">Dokumentacija za smje\u0161taj_Dom Orehovica<\/a><\/span><br \/>\n<em>Lijevi klik za otvaranje dokumenta u novom prozoru ili tabu \/ desni klik mi\u0161a za spremanje na ra\u010dunalo.<\/em><\/p>\n","protected":false},"excerpt":{"rendered":"<p>Koju dokumentaciju treba sadr\u017eavati zahtjev za smje\u0161taj? Ako ste zainteresirani za smje\u0161taj u ovom Domu, i \u017eelite postati korisnikom na\u0161ih usluga,molimo Vas da prikupite i dostavite sljede\u0107u dokumentaciju: 1. Zahtjev nadle\u017enog CZSS o smje\u0161taju 2. Preslika rodnog lista (ne stariji od \u0161est mjeseci) 3. Preslika domovnice 4. Preslika vjen\u010danog lista (ako je osoba u braku)&hellip;<\/p>\n","protected":false},"author":2,"featured_media":0,"parent":14,"menu_order":41,"comment_status":"closed","ping_status":"open","template":"","meta":{"ngg_post_thumbnail":0,"footnotes":""},"_links":{"self":[{"href":"https:\/\/dom-orehovica.hr\/index.php?rest_route=\/wp\/v2\/pages\/50"}],"collection":[{"href":"https:\/\/dom-orehovica.hr\/index.php?rest_route=\/wp\/v2\/pages"}],"about":[{"href":"https:\/\/dom-orehovica.hr\/index.php?rest_route=\/wp\/v2\/types\/page"}],"author":[{"embeddable":true,"href":"https:\/\/dom-orehovica.hr\/index.php?rest_route=\/wp\/v2\/users\/2"}],"replies":[{"embeddable":true,"href":"https:\/\/dom-orehovica.hr\/index.php?rest_route=%2Fwp%2Fv2%2Fcomments&post=50"}],"version-history":[{"count":0,"href":"https:\/\/dom-orehovica.hr\/index.php?rest_route=\/wp\/v2\/pages\/50\/revisions"}],"up":[{"embeddable":true,"href":"https:\/\/dom-orehovica.hr\/index.php?rest_route=\/wp\/v2\/pages\/14"}],"wp:attachment":[{"href":"https:\/\/dom-orehovica.hr\/index.php?rest_route=%2Fwp%2Fv2%2Fmedia&parent=50"}],"curies":[{"name":"wp","href":"https:\/\/api.w.org\/{rel}","templated":true}]}}