{"id":4054,"date":"2024-08-28T08:50:51","date_gmt":"2024-08-28T06:50:51","guid":{"rendered":"https:\/\/dom-orehovica.hr\/?page_id=4054"},"modified":"2026-03-09T15:03:30","modified_gmt":"2026-03-09T14:03:30","slug":"financije","status":"publish","type":"page","link":"https:\/\/dom-orehovica.hr\/?page_id=4054","title":{"rendered":"Financije"},"content":{"rendered":"<p><strong>GODI\u0160NJA FINANCIJSKA IZVJE\u0160\u0106A<\/strong><\/p>\n<p>Godi\u0161nje Financijsko izvje\u0161\u0107e za 2025. godinu<\/p>\n<p><span style=\"text-decoration: underline; color: #3366ff;\"><em><a style=\"color: #3366ff; text-decoration: underline;\" href=\"https:\/\/dom-orehovica.hr\/wp-content\/uploads\/2026\/03\/GFI-Obrasci_financijskih_izvjestaja_v_8_3_0.xlsx\">GFI Obrasci_financijskih_izvjestaja_v_8_3_0<\/a><\/em><\/span>&nbsp; (xlsx)<\/p>\n<p>Financijski izvje\u0161taj Doma Orehovica za 2024.godinu:<\/p>\n<p><span style=\"text-decoration: underline; color: #3366ff;\"><em><a style=\"color: #3366ff; text-decoration: underline;\" href=\"https:\/\/dom-orehovica.hr\/wp-content\/uploads\/2025\/02\/Financijski-izvjestaj-za-2024-godinu.xlsx\">Financijski izvjestaj za 2024 godinu<\/a><\/em><\/span> (xlsx)<\/p>\n<p>Izvje\u0161taj o izvr\u0161enju financijskog plana Doma Orehovica za 2024. godinu:<\/p>\n<p><span style=\"text-decoration: underline; color: #3366ff;\"><em><a style=\"color: #3366ff; text-decoration: underline;\" href=\"https:\/\/dom-orehovica.hr\/wp-content\/uploads\/2025\/02\/Izvjestaj-o-izvrsenju-financijskog-plana-za-2024-godinu.pdf\">Izvjestaj o izvrsenju financijskog plana za 2024 godinu<\/a><\/em><\/span>&nbsp;(pdf)<\/p>\n<p>Izvje\u0161taj o polugodi\u0161njem izvr\u0161enju prora\u010duna i financijskog plana za 2024. godinu (objava 06.08.2024.):<\/p>\n<p><span style=\"text-decoration: underline; color: #3366ff;\"><em><a style=\"color: #3366ff; text-decoration: underline;\" href=\"https:\/\/dom-orehovica.hr\/wp-content\/uploads\/2024\/08\/IZVJESTAJ-O-POLUGODISNJEM-IZVRsENJU-PRORAcUNA-2024.pdf\">IZVJESTAJ O POLUGODISNJEM IZVRSENJU PRORACUNA 2024<\/a><\/em><\/span>&nbsp;(pdf)<\/p>\n<p><span style=\"text-decoration: underline; color: #3366ff;\"><em><a style=\"color: #3366ff; text-decoration: underline;\" href=\"https:\/\/dom-orehovica.hr\/wp-content\/uploads\/2024\/08\/ODLUKA-IZVJESTAJ-O-POLUGODISNJEM-IZVRsENJU-PRORAcUNA-2024.pdf\">ODLUKA &#8211; IZVJESTAJ O POLUGODISNJEM IZVRsENJU PRORAcUNA 2024<\/a><\/em><\/span>&nbsp;(pdf)<\/p>\n<p>Izvr\u0161enje Financijskog plana za 2023. godinu (objava 31.3.2024.):<\/p>\n<p><span style=\"text-decoration: underline; color: #3366ff;\"><em><a style=\"color: #3366ff; text-decoration: underline;\" href=\"https:\/\/dom-orehovica.hr\/wp-content\/uploads\/2024\/03\/Izvjestaj-o-Izvrsenju-Financijskog-plana-za-2023-godinu.pdf\">Izvjestaj o Izvrsenju Financijskog plana za 2023 godinu<\/a><\/em><\/span>&nbsp;(pdf)<\/p>\n<p>Financijska izvje\u0161\u0107a za 2023. g. (objava 05.02.2024.)<\/p>\n<p><a href=\"https:\/\/dom-orehovica.hr\/wp-content\/uploads\/2024\/02\/Godisnje-financijsko-izvjesce-za-2023-godinu.xlsx\"><span style=\"text-decoration: underline; color: #3366ff;\"><em>Godisnje financijsko izvjesce za 2023 godinu<\/em><\/span><\/a>&nbsp;(xlsx)<\/p>\n<p><a href=\"https:\/\/dom-orehovica.hr\/wp-content\/uploads\/2024\/02\/Biljeske-uz-Godisnje-financijsko-izvjesce-za-2022-godinu.pdf\"><span style=\"text-decoration: underline; color: #3366ff;\"><em>Biljeske uz Godisnje financijsko izvjesce za 2022 godinu<\/em><\/span><\/a>&nbsp;(pdf)<\/p>\n<p>Financijska izvje\u0161\u0107a za 2022. g.<\/p>\n<p><a href=\"https:\/\/dom-orehovica.hr\/wp-content\/uploads\/2023\/01\/Godisnje-financijsko-izvjesce-za-2022-godinu.xlsx\"><span style=\"text-decoration: underline; color: #3366ff;\"><em>Godisnje financijsko izvjesce za 2022 godinu<\/em><\/span><\/a>&nbsp;(xlsx)<\/p>\n<p><a href=\"https:\/\/dom-orehovica.hr\/wp-content\/uploads\/2023\/01\/Biljeske-uz-Godisnje-financijsko-izvjesce-za-2022-godinu.pdf\"><span style=\"text-decoration: underline; color: #3366ff;\"><em>Biljeske uz Godisnje financijsko izvjesce za 2022 godinu<\/em><\/span><\/a>&nbsp;(pdf)<\/p>\n<p><span style=\"text-decoration: underline; color: #3366ff;\"><em><a style=\"color: #3366ff; text-decoration: underline;\" href=\"https:\/\/dom-orehovica.hr\/wp-content\/uploads\/2023\/01\/Ref-stranica-1-12-2022.pdf\">Ref stranica 1-12 2022<\/a><\/em><\/span>&nbsp;(pdf)<\/p>\n<p>Financijska izvje\u0161\u0107a za 2021. g.<\/p>\n<p><a href=\"https:\/\/dom-orehovica.hr\/wp-content\/uploads\/2022\/01\/Godisnje-financijsko-izvjesce-za-2021-godinu.xlsx\"><span style=\"text-decoration: underline; color: #3366ff;\"><em>Godisnje financijsko izvjesce za 2021 godinu<\/em><\/span><\/a>&nbsp;(xls)<\/p>\n<p><a href=\"https:\/\/dom-orehovica.hr\/wp-content\/uploads\/2022\/01\/Biljeske-uz-Godisnje-financijsko-izvjesce-za-2021-godinu.pdf\"><span style=\"text-decoration: underline; color: #3366ff;\"><em>Biljeske uz Godisnje financijsko izvjesce za 2021 godinu<\/em><\/span><\/a>&nbsp;(pdf)<\/p>\n<p>Financijska izvje\u0161\u0107a za 2020. g.<\/p>\n<p><a href=\"https:\/\/dom-orehovica.hr\/wp-content\/uploads\/2021\/02\/Godisnje-Financijsko-izvjesce-za-2020-godinu.xlsx\"><span style=\"text-decoration: underline; color: #3366ff;\"><em>Godisnje Financijsko izvjesce za 2020 godinu<\/em><\/span><\/a>&nbsp;(xls)<\/p>\n<p><a href=\"https:\/\/dom-orehovica.hr\/wp-content\/uploads\/2021\/02\/Biljeske-uz-Godisnje-Financijsko-izvjesce-za-2020-godinu.pdf\"><span style=\"text-decoration: underline; color: #3366ff;\"><em>Biljeske uz Godisnje Financijsko izvjesce za 2020 godinu<\/em><\/span><\/a>&nbsp;(pdf)<\/p>\n<p>Financijska izvje\u0161\u0107a za 2019. g.<\/p>\n<p><a href=\"http:\/\/dom-orehovica.hr\/wp-content\/uploads\/2020\/02\/Godisnje-financijsko-izvjesce-2019.xls\" target=\"_blank\" rel=\"noopener\"><span style=\"text-decoration: underline; color: #3366ff;\"><em>Godisnje financijsko izvjesce za 2019<\/em><\/span><\/a>&nbsp;(xls)<\/p>\n<p><a href=\"http:\/\/dom-orehovica.hr\/wp-content\/uploads\/2020\/02\/Biljeske-uz-Godisnje-financijsko-izvjesce-2019.pdf\" target=\"_blank\" rel=\"noopener\"><span style=\"text-decoration: underline; color: #3366ff;\"><em>Biljeske uz Godisnje financijsko izvjesce 2019<\/em><\/span><\/a>&nbsp;(pdf)<\/p>\n<p><span style=\"text-decoration: underline; color: #3366ff;\"><em><a style=\"color: #3366ff; text-decoration: underline;\" href=\"http:\/\/dom-orehovica.hr\/wp-content\/uploads\/2020\/02\/Odluka-UV-o-prihvacanju-Godisnje-financijsko-izvjesce-2019.pdf\" target=\"_blank\" rel=\"noopener\">Odluka UV o prihvacanju &#8211; Godisnje financijsko izvjesce 2019<\/a><\/em><\/span>&nbsp;(pdf)<\/p>\n<p>Financijska izvje\u0161\u0107a za 2018. g.<\/p>\n<p><span style=\"text-decoration: underline; color: #3366ff;\"><em><a style=\"color: #3366ff; text-decoration: underline;\" href=\"http:\/\/dom-orehovica.hr\/wp-content\/uploads\/2019\/02\/Godisnje-financijsko-izvjesce-2018.xls\">Godisnje financijsko izvjesce za 2018<\/a><\/em><\/span>&nbsp;(xls)<\/p>\n<p><em><a href=\"http:\/\/dom-orehovica.hr\/wp-content\/uploads\/2019\/02\/Biljeske-uz-Godisnje-financijsko-izvjesce-2018.pdf\" target=\"_blank\" rel=\"noopener\"><span style=\"text-decoration: underline; color: #3366ff;\">Biljeske uz Godisnje financijsko izvjesce 2018<\/span><\/a><\/em>&nbsp;(pdf)<\/p>\n<p>Financijska izvje\u0161\u0107a za 2017. g.<\/p>\n<p><span style=\"text-decoration: underline; color: #3366ff;\"><em><a style=\"color: #3366ff; text-decoration: underline;\" href=\"http:\/\/dom-orehovica.hr\/wp-content\/uploads\/2015\/02\/Godisnje-financijsko-izvjesce-2017.xls\" target=\"_blank\" rel=\"noopener\">Godisnje financijsko izvjesce za 2017<\/a><\/em><\/span>&nbsp;(xls)<\/p>\n<p><span style=\"text-decoration: underline; color: #3366ff;\"><em><a href=\"http:\/\/dom-orehovica.hr\/wp-content\/uploads\/2015\/02\/Biljeske-uz-Godisnje-financijsko-izvjesce-2017.pdf\" target=\"_blank\" rel=\"noopener\"><span style=\"color: #3366ff; text-decoration: underline;\">Biljeske uz Godisnje financijsko izvjesce 2017<\/span><\/a><\/em><\/span>&nbsp;(pdf)<\/p>\n<p>Financijska izvje\u0161\u0107a za 2016. g.<\/p>\n<p><span style=\"text-decoration: underline; color: #3366ff;\"><em><a style=\"color: #3366ff; text-decoration: underline;\" href=\"http:\/\/dom-orehovica.hr\/wp-content\/uploads\/2015\/02\/Godisnje-financijsko-izvjesce-2016.xls\" target=\"_blank\" rel=\"noopener\">Godisnje financijsko izvjesce za 2016<\/a><\/em><\/span>&nbsp;(xls)<\/p>\n<p><span style=\"text-decoration: underline; color: #3366ff;\"><em><a href=\"http:\/\/dom-orehovica.hr\/wp-content\/uploads\/2015\/02\/Biljeske-uz-financijsko-izvjesce-2016.pdf\" target=\"_blank\" rel=\"noopener\"><span style=\"color: #3366ff; text-decoration: underline;\">Biljeske uz financijsko izvjesce 2016<\/span><\/a><\/em><\/span>&nbsp;(pdf)<\/p>\n<p>Financijska izvje\u0161\u0107a za 2015. g.<\/p>\n<p><span style=\"color: #3366ff;\"><span style=\"text-decoration: underline;\"><em><a href=\"http:\/\/dom-orehovica.hr\/wp-content\/uploads\/2015\/02\/IZVJESTAJ-31.12.2015.xls\" target=\"_blank\" rel=\"noopener\"><span style=\"color: #3366ff; text-decoration: underline;\">IZVJESTAJ 31.12.2015<\/span><\/a><\/em><\/span><span style=\"text-decoration: underline;\"><em>&nbsp;<\/em><\/span><\/span><span style=\"color: #000000;\">(xls)<\/span><\/p>\n<p><span style=\"text-decoration: underline; color: #3366ff;\"><em><span style=\"text-decoration: underline;\"><span style=\"color: #3366ff;\"><a style=\"color: #3366ff; text-decoration: underline;\" href=\"http:\/\/dom-orehovica.hr\/wp-content\/uploads\/2015\/02\/BILJESKE-UZ-OBRASCE-BIL.-I-PR-RAS-ZAVRSNI-2015.doc\" target=\"_blank\" rel=\"noopener\">BILJESKE UZ OBRASCE( BIL. I PR-RAS) ZAVRSNI 2015<\/a><\/span>&nbsp;<\/span><\/em><\/span><span style=\"color: #000000;\">(doc)<\/span><\/p>\n<p>Financijska izvje\u0161\u0107a za 2014. g.&nbsp;<\/p>\n<p><span style=\"text-decoration: underline; color: #3366ff;\"><em><a style=\"color: #3366ff; text-decoration: underline;\" href=\"http:\/\/dom-orehovica.hr\/wp-content\/uploads\/2015\/02\/ZAVRSNI-RACUN-2014-OBRASCI.xls\" target=\"_blank\" rel=\"noopener\">ZAVRSNI RACUN 2014 OBRASCI<\/a>&nbsp;<\/em><\/span><span style=\"color: #000000;\">(xls)<\/span><\/p>\n<p>&nbsp;<\/p>\n<p><strong>FINANCIJSKI PLANOVI<\/strong><\/p>\n<p>Financijski plan za razdoblje od 2026. do 2028. godinu<\/p>\n<p><a href=\"https:\/\/dom-orehovica.hr\/wp-content\/uploads\/2026\/03\/Financijski-plan-2026-2028.pdf\"><span style=\"text-decoration: underline; color: #3366ff;\"><em>Financijski plan 2026-2028<\/em><\/span><\/a>&nbsp;(pdf)<\/p>\n<p><a href=\"https:\/\/dom-orehovica.hr\/wp-content\/uploads\/2026\/03\/Odluka-Financijski-plan-od-2026-2028.pdf\"><span style=\"text-decoration: underline; color: #3366ff;\"><em>Odluka &#8211; Financijski plan od 2026-2028<\/em><\/span><\/a>&nbsp;(pdf)<\/p>\n<p>Izvr\u0161enje Financijskog plana za 2025 godinu:<\/p>\n<p><a href=\"https:\/\/dom-orehovica.hr\/wp-content\/uploads\/2026\/03\/Izvrsenje-Financijskog-plana-za-2025_organized.pdf\"><span style=\"text-decoration: underline; color: #3366ff;\"><em>Izvrsenje Financijskog plana za 2025<\/em><em>_organized<\/em><\/span><\/a>&nbsp;(pdf)<\/p>\n<p>Financijski plan za 2024. godinu<\/p>\n<p><span style=\"text-decoration: underline; color: #3366ff;\"><em><a style=\"color: #3366ff; text-decoration: underline;\" href=\"https:\/\/dom-orehovica.hr\/wp-content\/uploads\/2024\/02\/I-Izmjena-Financijskog-plana-za-2024-godinu.pdf\">I Izmjena Financijskog plana za 2024 godinu<\/a><\/em><\/span>&nbsp;(pdf)<\/p>\n<p><a href=\"https:\/\/dom-orehovica.hr\/wp-content\/uploads\/2024\/01\/FINANCIJSKI-PLAN-2024-GODINE.pdf\"><span style=\"text-decoration: underline; color: #3366ff;\"><em>FINANCIJSKI PLAN 2024 GODINE<\/em><\/span><\/a>&nbsp;(pdf)<\/p>\n<p>Financijski planovi za razdoblje od 2024. do 2026. godine<\/p>\n<p><span style=\"text-decoration: underline; color: #3366ff;\"><em><a style=\"color: #3366ff; text-decoration: underline;\" href=\"https:\/\/dom-orehovica.hr\/wp-content\/uploads\/2023\/10\/Obrazlozenje-financijskog-plana-2024-2026-godine.pdf\">Obrazlozenje prijedloga financijskog plana 2024-2026 godine<\/a><\/em><\/span>&nbsp;(pdf)<\/p>\n<p><a href=\"https:\/\/dom-orehovica.hr\/wp-content\/uploads\/2023\/10\/Prijedlog-financijskog-plana-za-2024-godinu.pdf\"><span style=\"text-decoration: underline; color: #3366ff;\"><em>Prijedlog financijskog plana za 2024 godinu<\/em><\/span><\/a>&nbsp;(pdf)<\/p>\n<p><span style=\"text-decoration: underline; color: #3366ff;\"><em><a style=\"color: #3366ff; text-decoration: underline;\" href=\"https:\/\/dom-orehovica.hr\/wp-content\/uploads\/2023\/10\/Prijedlog-financijskog-plana-za-2025-godinu.pdf\">Prijedlog financijskog plana za 2025 godinu<\/a><\/em><\/span>&nbsp;(pdf)<\/p>\n<p><a href=\"https:\/\/dom-orehovica.hr\/wp-content\/uploads\/2023\/10\/Prijedlog-financijskog-plana-za-2026-godinu.pdf\"><span style=\"text-decoration: underline; color: #3366ff;\"><em>Prijedlog financijskog plana za 2026 godinu<\/em><\/span><\/a>&nbsp;(pdf)<\/p>\n<p><span style=\"text-decoration: underline; color: #3366ff;\"><em><a style=\"color: #3366ff; text-decoration: underline;\" href=\"https:\/\/dom-orehovica.hr\/wp-content\/uploads\/2024\/01\/Odluka-o-prihvacanju-fin-plana-za-2024-i-proj-2025-i-2026.pdf\">Odluka o prihvacanju fin plana za 2024 i proj 2025 i 2026<\/a><\/em><\/span>&nbsp;(pdf)<\/p>\n<p><span style=\"text-decoration: underline; color: #3366ff;\"><em><a style=\"color: #3366ff; text-decoration: underline;\" href=\"https:\/\/dom-orehovica.hr\/wp-content\/uploads\/2024\/01\/PROJEKCIJE-FINANCIJSKOG-PLANA-ZA-2025-GODINU.pdf\">PROJEKCIJE FINANCIJSKOG PLANA ZA 2025 GODINU<\/a><\/em><\/span>&nbsp;(pdf)<\/p>\n<p><a href=\"https:\/\/dom-orehovica.hr\/wp-content\/uploads\/2024\/01\/PROJEKCIJE-FINANCIJSKOG-PLANA-ZA-2026-GODINU.pdf\"><span style=\"text-decoration: underline; color: #3366ff;\"><em>PROJEKCIJE FINANCIJSKOG PLANA ZA 2026 GODINU<\/em><\/span><\/a>&nbsp;(pdf)<\/p>\n<p>Financijski plan za 2023. godinu<\/p>\n<p><a href=\"https:\/\/dom-orehovica.hr\/wp-content\/uploads\/2023\/03\/Financijski-plan-za-2023-godinu-10032023.pdf\"><span style=\"text-decoration: underline; color: #3366ff;\"><em>Financijski plan za 2023 godinu 10032023<\/em><\/span><\/a>&nbsp;(pdf)<\/p>\n<p><a href=\"https:\/\/dom-orehovica.hr\/wp-content\/uploads\/2022\/12\/Financijski_plan_za_2023_godinu.pdf\"><span style=\"text-decoration: underline; color: #3366ff;\"><em>Financijski_plan_za_2023_godinu<\/em><\/span><\/a>&nbsp;(pdf)<\/p>\n<p><a href=\"https:\/\/dom-orehovica.hr\/wp-content\/uploads\/2024\/01\/REBALANS-FINANCIJSKOG-PLANA-2023-GODINE.pdf\"><span style=\"text-decoration: underline; color: #3366ff;\"><em>REBALANS FINANCIJSKOG PLANA 2023 GODINE<\/em><\/span><\/a>&nbsp;(pdf)<\/p>\n<p><a href=\"https:\/\/dom-orehovica.hr\/wp-content\/uploads\/2024\/01\/Odluka-o-prihvacanju-REBALANS-FINANC-PLANA-2023.pdf\"><span style=\"text-decoration: underline; color: #3366ff;\"><em>Odluka o prihvacanju REBALANS FINANC PLANA 2023<\/em><\/span><\/a>&nbsp;(pdf)<\/p>\n<p>Financijski plan za 2022. godinu<\/p>\n<p><a href=\"https:\/\/dom-orehovica.hr\/wp-content\/uploads\/2022\/01\/Financijski-plan-za-2022-godinu.pdf\"><span style=\"text-decoration: underline; color: #3366ff;\"><em>Financijski plan za 2022 godinu<\/em><\/span><\/a>&nbsp;(pdf)<\/p>\n<p>Financijski plan za 2021. godinu<\/p>\n<p><a href=\"https:\/\/dom-orehovica.hr\/wp-content\/uploads\/2021\/02\/Financijski-plan-za-2021-godinu.pdf\"><span style=\"text-decoration: underline; color: #3366ff;\"><em>Financijski plan za 2021 godinu<\/em><\/span><\/a>&nbsp;(pdf)<\/p>\n<p>Financijski plan za 2020. godinu<\/p>\n<p><span style=\"text-decoration: underline; color: #3366ff;\"><em><a style=\"color: #3366ff; text-decoration: underline;\" href=\"http:\/\/dom-orehovica.hr\/wp-content\/uploads\/2020\/02\/Financijski-plan-za-2020-godinu.pdf\" target=\"_blank\" rel=\"noopener\">Financijski plan za 2020 godinu<\/a><\/em><\/span>&nbsp;(pdf)<\/p>\n<p>Financijski plan za 2019. godinu<\/p>\n<p><a href=\"http:\/\/dom-orehovica.hr\/wp-content\/uploads\/2020\/02\/Financijski-plan-za-2019.pdf\" target=\"_blank\" rel=\"noopener\"><span style=\"text-decoration: underline; color: #3366ff;\"><em>Financijski plan za 2019<\/em><\/span><\/a>&nbsp;(pdf)<\/p>\n<p><a href=\"http:\/\/dom-orehovica.hr\/wp-content\/uploads\/2020\/02\/Odluka-UV-o-prihvacanju-Financijski-plan-za-2019..pdf\" target=\"_blank\" rel=\"noopener\"><span style=\"text-decoration: underline; color: #3366ff;\"><em>Odluka UV o prihvacanju &#8211; Financijski plan za 2019<\/em><\/span>.<\/a>&nbsp;(pdf)<\/p>\n<p>Financijski plan za 2018. godinu<\/p>\n<p><span style=\"text-decoration: underline; color: #3366ff;\"><em><a style=\"color: #3366ff; text-decoration: underline;\" href=\"http:\/\/dom-orehovica.hr\/wp-content\/uploads\/2017\/02\/Financijski-plan-za-2018.pdf\" target=\"_blank\" rel=\"noopener\">Financijski plan za 2018<\/a><\/em><\/span>&nbsp;(pdf)<\/p>\n<p>&nbsp;<\/p>\n","protected":false},"excerpt":{"rendered":"<p>GODI\u0160NJA FINANCIJSKA IZVJE\u0160\u0106A Godi\u0161nje Financijsko izvje\u0161\u0107e za 2025. godinu GFI Obrasci_financijskih_izvjestaja_v_8_3_0&nbsp; (xlsx) Financijski izvje\u0161taj Doma Orehovica za 2024.godinu: Financijski izvjestaj za 2024 godinu (xlsx) Izvje\u0161taj o izvr\u0161enju financijskog plana Doma Orehovica za 2024. godinu: Izvjestaj o izvrsenju financijskog plana za 2024 godinu&nbsp;(pdf) Izvje\u0161taj o polugodi\u0161njem izvr\u0161enju prora\u010duna i financijskog plana za 2024. godinu (objava 06.08.2024.):&hellip;<\/p>\n","protected":false},"author":1,"featured_media":0,"parent":1231,"menu_order":213,"comment_status":"closed","ping_status":"closed","template":"","meta":{"ngg_post_thumbnail":0,"footnotes":""},"_links":{"self":[{"href":"https:\/\/dom-orehovica.hr\/index.php?rest_route=\/wp\/v2\/pages\/4054"}],"collection":[{"href":"https:\/\/dom-orehovica.hr\/index.php?rest_route=\/wp\/v2\/pages"}],"about":[{"href":"https:\/\/dom-orehovica.hr\/index.php?rest_route=\/wp\/v2\/types\/page"}],"author":[{"embeddable":true,"href":"https:\/\/dom-orehovica.hr\/index.php?rest_route=\/wp\/v2\/users\/1"}],"replies":[{"embeddable":true,"href":"https:\/\/dom-orehovica.hr\/index.php?rest_route=%2Fwp%2Fv2%2Fcomments&post=4054"}],"version-history":[{"count":7,"href":"https:\/\/dom-orehovica.hr\/index.php?rest_route=\/wp\/v2\/pages\/4054\/revisions"}],"predecessor-version":[{"id":4489,"href":"https:\/\/dom-orehovica.hr\/index.php?rest_route=\/wp\/v2\/pages\/4054\/revisions\/4489"}],"up":[{"embeddable":true,"href":"https:\/\/dom-orehovica.hr\/index.php?rest_route=\/wp\/v2\/pages\/1231"}],"wp:attachment":[{"href":"https:\/\/dom-orehovica.hr\/index.php?rest_route=%2Fwp%2Fv2%2Fmedia&parent=4054"}],"curies":[{"name":"wp","href":"https:\/\/api.w.org\/{rel}","templated":true}]}}