{"id":2072,"date":"2018-09-05T08:59:27","date_gmt":"2018-09-05T06:59:27","guid":{"rendered":"http:\/\/dom-orehovica.hr\/?page_id=2072"},"modified":"2026-03-09T17:57:54","modified_gmt":"2026-03-09T16:57:54","slug":"zastita-osobnih-podataka","status":"publish","type":"page","link":"https:\/\/dom-orehovica.hr\/?page_id=2072","title":{"rendered":"Za\u0161tita osobnih podataka"},"content":{"rendered":"<p><em><strong>Zakoni:<\/strong><\/em><\/p>\n<p><span style=\"text-decoration: underline; color: #3366ff;\"><a style=\"color: #3366ff; text-decoration: underline;\" href=\"https:\/\/narodne-novine.nn.hr\/clanci\/sluzbeni\/2012_09_106_2300.html\" target=\"_blank\" rel=\"noopener\"><em>Zakon o za\u0161titi osobnih podataka<\/em><\/a><\/span><\/p>\n<p><span style=\"text-decoration: underline; color: #3366ff;\"><a style=\"color: #3366ff; text-decoration: underline;\" href=\"https:\/\/narodne-novine.nn.hr\/clanci\/sluzbeni\/2018_05_42_805.html\" target=\"_blank\" rel=\"noopener\"><em>Zakon o provedbi Op\u0107e uredbe o za\u0161titi podataka<\/em><\/a><\/span><\/p>\n<p><span style=\"text-decoration: underline; color: #3366ff;\"><a style=\"color: #3366ff; text-decoration: underline;\" href=\"https:\/\/narodne-novine.nn.hr\/clanci\/sluzbeni\/2014_07_93_1872.html\" target=\"_blank\" rel=\"noopener\"><em>Zakon o radu<\/em><\/a><\/span><\/p>\n<p><span style=\"text-decoration: underline; color: #3366ff;\"><a style=\"color: #3366ff; text-decoration: underline;\" href=\"https:\/\/narodne-novine.nn.hr\/search.aspx?upit=Zakon%20o%20za%C5%A1titi%20na%20radu&amp;sortiraj=0&amp;kategorija=1&amp;rpp=10&amp;qtype=3&amp;pretraga=da&amp;naslovi=da\" target=\"_blank\" rel=\"noopener\"><em>Zakon o za\u0161titi na radu<\/em><\/a><\/span><\/p>\n<p>&nbsp;<\/p>\n<p><em><strong>Dokumenti za preuzimanje:&nbsp;<\/strong><\/em><\/p>\n<p><a href=\"http:\/\/dom-orehovica.hr\/wp-content\/uploads\/2018\/09\/Izjava-Upravno-vijece.docx\"><span style=\"text-decoration: underline; color: #3366ff;\"><em>Izjava &#8211; Upravno vijece<\/em><\/span><\/a>&nbsp;(doc)<\/p>\n<p><a href=\"http:\/\/dom-orehovica.hr\/wp-content\/uploads\/2018\/09\/Izjava-o-povjerljivosti-radnik.doc\"><span style=\"text-decoration: underline; color: #3366ff;\"><em>Izjava o povjerljivosti -radnik<\/em><\/span><\/a>&nbsp;(doc)<\/p>\n<p><span style=\"text-decoration: underline; color: #3366ff;\"><em><a style=\"color: #3366ff; text-decoration: underline;\" href=\"http:\/\/dom-orehovica.hr\/wp-content\/uploads\/2018\/09\/Odluka-GDPR-i-preuzimanje-podataka.pdf\" target=\"_blank\" rel=\"noopener\">Odluka GDPR i preuzimanje podataka<\/a><\/em><\/span>&nbsp;(pdf)<\/p>\n<p><a href=\"http:\/\/dom-orehovica.hr\/wp-content\/uploads\/2018\/09\/Opca-pravila-zastite-osobnih-podataka.pdf\" target=\"_blank\" rel=\"noopener\"><span style=\"text-decoration: underline; color: #3366ff;\"><em>Opca pravila zastite osobnih podataka<\/em><\/span><\/a>&nbsp;(pdf)<\/p>\n<p><a href=\"http:\/\/dom-orehovica.hr\/wp-content\/uploads\/2018\/09\/Pravilnik-GDPR.docx\"><span style=\"text-decoration: underline; color: #3366ff;\"><em>Pravilnik GDPR<\/em><\/span><\/a>&nbsp;(doc)<\/p>\n<p><span style=\"text-decoration: underline; color: #3366ff;\"><em><a style=\"color: #3366ff; text-decoration: underline;\" href=\"http:\/\/dom-orehovica.hr\/wp-content\/uploads\/2018\/09\/Privola-radnika-za-koristenje-podataka.doc\">Privola radnika za koristenje podataka<\/a>&nbsp;<\/em><\/span>(doc)<\/p>\n<p><span style=\"color: #3366ff;\"><span style=\"color: #3366ff;\"><i><u><a style=\"color: #3366ff;\" href=\"http:\/\/dom-orehovica.hr\/wp-content\/uploads\/2018\/09\/Privremeno-odluka-o-imenovanju-sluzbenika-Bukovic.pdf\" target=\"_blank\" rel=\"noopener\">Privremeno odluka o imenovanju sluzbenika Bukovic<\/a>&nbsp;<\/u><\/i><\/span><\/span>(pdf)<\/p>\n<p><span style=\"text-decoration: underline; color: #3366ff;\"><em><a style=\"color: #3366ff; text-decoration: underline;\" href=\"http:\/\/dom-orehovica.hr\/wp-content\/uploads\/2018\/09\/Zapisnik-o-upoznavanju-radnika-sa-zastitom-podataka.doc\">Zapisnik o upoznavanju radnika sa zastitom podataka<\/a><\/em><\/span>&nbsp;(doc)<\/p>\n<p><span style=\"text-decoration: underline; color: #3366ff;\"><em><a style=\"color: #3366ff; text-decoration: underline;\" href=\"https:\/\/dom-orehovica.hr\/wp-content\/uploads\/2026\/03\/PRIVREMENA-ODLUKA-O-IMENOVANJU-SLUZBENIKA-ZA-ZASTITU-OSOBNIH-PODATAKA.pdf\">PRIVREMENA ODLUKA O IMENOVANJU SLU\u017dBENIKA ZA ZA\u0160TITU OSOBNIH PODATAKA<\/a><\/em><\/span>&nbsp;(pdf)<\/p>\n<p><span style=\"text-decoration: underline; color: #3366ff;\"><em><a style=\"color: #3366ff; text-decoration: underline;\" href=\"https:\/\/dom-orehovica.hr\/wp-content\/uploads\/2026\/03\/ODLUKA-O-IMENOVANJU-OSOBE-OVLASTENE-ZA-NADZOR-OBRADE-OSOBNIH-PODATAKA-RADNIKA.pdf\">ODLUKA O IMENOVANJU OSOBE OVLASTENE ZA NADZOR OBRADE OSOBNIH PODATAKA RADNIKA<\/a><\/em><\/span>&nbsp;(pdf)<\/p>\n<p>&nbsp;<\/p>\n","protected":false},"excerpt":{"rendered":"<p>Zakoni: Zakon o za\u0161titi osobnih podataka Zakon o provedbi Op\u0107e uredbe o za\u0161titi podataka Zakon o radu Zakon o za\u0161titi na radu &nbsp; Dokumenti za preuzimanje:&nbsp; Izjava &#8211; Upravno vijece&nbsp;(doc) Izjava o povjerljivosti -radnik&nbsp;(doc) Odluka GDPR i preuzimanje podataka&nbsp;(pdf) Opca pravila zastite osobnih podataka&nbsp;(pdf) Pravilnik GDPR&nbsp;(doc) Privola radnika za koristenje podataka&nbsp;(doc) Privremeno odluka o imenovanju&hellip;<\/p>\n","protected":false},"author":1,"featured_media":0,"parent":1231,"menu_order":110,"comment_status":"closed","ping_status":"closed","template":"","meta":{"ngg_post_thumbnail":0,"footnotes":""},"_links":{"self":[{"href":"https:\/\/dom-orehovica.hr\/index.php?rest_route=\/wp\/v2\/pages\/2072"}],"collection":[{"href":"https:\/\/dom-orehovica.hr\/index.php?rest_route=\/wp\/v2\/pages"}],"about":[{"href":"https:\/\/dom-orehovica.hr\/index.php?rest_route=\/wp\/v2\/types\/page"}],"author":[{"embeddable":true,"href":"https:\/\/dom-orehovica.hr\/index.php?rest_route=\/wp\/v2\/users\/1"}],"replies":[{"embeddable":true,"href":"https:\/\/dom-orehovica.hr\/index.php?rest_route=%2Fwp%2Fv2%2Fcomments&post=2072"}],"version-history":[{"count":5,"href":"https:\/\/dom-orehovica.hr\/index.php?rest_route=\/wp\/v2\/pages\/2072\/revisions"}],"predecessor-version":[{"id":4500,"href":"https:\/\/dom-orehovica.hr\/index.php?rest_route=\/wp\/v2\/pages\/2072\/revisions\/4500"}],"up":[{"embeddable":true,"href":"https:\/\/dom-orehovica.hr\/index.php?rest_route=\/wp\/v2\/pages\/1231"}],"wp:attachment":[{"href":"https:\/\/dom-orehovica.hr\/index.php?rest_route=%2Fwp%2Fv2%2Fmedia&parent=2072"}],"curies":[{"name":"wp","href":"https:\/\/api.w.org\/{rel}","templated":true}]}}