{"id":142,"date":"2012-02-06T10:03:29","date_gmt":"2012-02-06T09:03:29","guid":{"rendered":"http:\/\/dom-orehovica.hr\/web\/?page_id=142"},"modified":"2026-04-24T08:51:12","modified_gmt":"2026-04-24T06:51:12","slug":"katalog-informacija","status":"publish","type":"page","link":"https:\/\/dom-orehovica.hr\/?page_id=142","title":{"rendered":"Pravo na pristup informacijama"},"content":{"rendered":"<p>Pravo na pristup informacijama i ponovnu uporabu informacija ostvaruje se u skladu sa Zakonom o pravu na pristup informacijama (\u201eNarodne novine\u201c, broj 25\/2013.).<\/p>\n<p>Cilj Zakona je omogu\u0107iti i osigurati ostvarivanje Ustavom Republike Hrvatske zajam\u010denog prava na pristup informacijama, kao i na ponovnu uporabu informacija fizi\u010dkim i pravnim osobama putem otvorenosti i javnosti djelovanja tijela javne vlasti.<\/p>\n<p>Pravo na pristup informacijama temelji se na na\u010delima javnosti i slobodnog pristupa, pravodobnosti, potpunosti i to\u010dnosti informacija, na\u010delu jednakosti, na\u010delu raspolaganja informacijom te, sukladno \u010dlanku 5. stavku 1. to\u010dki 5. Zakona \u201eobuhva\u0107a pravo korisnika na tra\u017eenje i dobivanje informacije, kao i obvezu tijela javne vlasti da omogu\u0107i pristup zatra\u017eenoj informaciji, odnosno da objavljuje informacije neovisno o postavljenom zahtjevu kada takvo objavljivanje proizlazi iz obveze odre\u0111ene zakonom ili drugim propisom\u201c.<\/p>\n<p>Informacija, u smislu navedenog Zakona (\u010dlanak 5. stavak 1. to\u010dka 3.), predstavlja \u201esvaki podatak koji posjeduje tijelo javne vlasti u obliku dokumenta, zapisa, dosjea, registra ili u bilo kojem drugom obliku, neovisno o na\u010dinu na koji je prikazana (napisani, nacrtani, tiskani, snimljeni, magnetni, opti\u010dki, elektroni\u010dki ili neki drugi zapis).\u201c<\/p>\n<p>Ponovna uporaba informacija, u skladu s \u010dlankom 5. stavkom 1. to\u010dkom 6. Zakona \u201ezna\u010di uporabu informacija tijela javne vlasti od strane fizi\u010dkih ili pravnih osoba, u komercijalne ili nekomercijalne svrhe druk\u010dije od izvorne svrhe u okviru javnog posla za koji su te informacije izra\u0111ene. Razmjena informacija izme\u0111u tijela javne vlasti radi obavljanja poslova iz njihovog djelokruga ne predstavlja ponovnu uporabu\u201c.<\/p>\n<p>Pravo na pristup informacijama i ponovnu uporabu informacija ostvaruje se podno\u0161enjem zahtjeva Domu za odrasle osobe Orehovica:<\/p>\n<ul>\n<li>pisanim putem na adresu:<br \/>\nDom za odrasle osobe Orehovica<br \/>\nA. \u0160enoe 2, 40322 Orehovica<\/li>\n<\/ul>\n<ul>\n<li>putem elektroni\u010dke po\u0161te: dom.orehovica@gmail.com<\/li>\n<\/ul>\n<ul>\n<li>telefaksom na broj: 040\/635-242<\/li>\n<\/ul>\n<ul>\n<li>telefonom na broj: 040\/635-305<\/li>\n<\/ul>\n<p><em><strong>Obrasci:<\/strong><\/em><\/p>\n<p><a href=\"http:\/\/dom-orehovica.hr\/wp-content\/uploads\/2012\/02\/NOVI-Obrazac-2-Zahtjev-za-pristup-informacijama.doc\">Zahtjev za pristup informacijama<\/a><\/p>\n<p><a href=\"http:\/\/dom-orehovica.hr\/wp-content\/uploads\/2012\/02\/NOVI-Obrazac-3-Zahtjev-za-dopunu-ili-ispravak-informacije.doc\">Zahtjev za dopunu ili ispravak informacije<\/a><\/p>\n<p><a href=\"http:\/\/dom-orehovica.hr\/wp-content\/uploads\/2012\/02\/NOVI-Obrazac-4-Zahtjev-za-ponovnu-uporabu-informacija.doc\">Zahtjev za ponovnu uporabu informacija<\/a><\/p>\n<p><em><strong>Odluka o imenovanju slu\u017ebenika za informiranje:<\/strong><\/em><\/p>\n<p><a href=\"http:\/\/dom-orehovica.hr\/wp-content\/uploads\/2020\/02\/Odluka-sluzbenik-za-informiranje.pdf\">Odluka sluzbenik za informiranje<\/a><\/p>\n<p><a href=\"http:\/\/dom-orehovica.hr\/wp-content\/uploads\/2020\/02\/Odluka-zamjenik-sluzbenika-za-informiranje.pdf\">Odluka zamjenik sluzbenika za informiranje<\/a><\/p>\n<p><em><strong>Izvje\u0161\u0107e o provedbi Zakona o pravu na pristup informacijama<\/strong><\/em><\/p>\n<p><a href=\"https:\/\/dom-orehovica.hr\/wp-content\/uploads\/2026\/04\/Godisnje_izvjesce.pdf\">Godisnje_izvjesce_2025<\/a><\/p>\n<p><a href=\"https:\/\/dom-orehovica.hr\/wp-content\/uploads\/2025\/01\/Godisnje_izvjesce.pdf\">Godisnje_izvjesce_2024<\/a><\/p>\n<p><a href=\"https:\/\/dom-orehovica.hr\/wp-content\/uploads\/2024\/04\/Godisnje_izvjesce-2023.pdf\">Godisnje_izvjesce_2023<\/a><\/p>\n<p><a href=\"https:\/\/dom-orehovica.hr\/wp-content\/uploads\/2023\/01\/Godisnje-izvjesce-2022.pdf\">Godisnje izvjesce_2022<\/a><\/p>\n<p><span style=\"font-family: arial, helvetica, sans-serif;\"><a href=\"https:\/\/dom-orehovica.hr\/wp-content\/uploads\/2022\/06\/Godisnje_izvjesce_2020.pdf\"><span style=\"color: #3366ff;\">Godisnje_izvjesce_2020<\/span><\/a> <\/span><\/p>\n<p><span style=\"font-family: arial, helvetica, sans-serif;\"><a href=\"http:\/\/dom-orehovica.hr\/wp-content\/uploads\/2020\/01\/GODISNJE-IZVJESCE-2019.pdf\" target=\"_blank\" rel=\"noopener\"><span style=\"color: #3366ff;\">Godisnje_izvjesce_2019<\/span><\/a> <\/span><\/p>\n<p><span style=\"font-family: arial, helvetica, sans-serif;\"><a href=\"http:\/\/dom-orehovica.hr\/wp-content\/uploads\/2019\/02\/Godisnje_izvjesce_2018.pdf\" target=\"_blank\" rel=\"noopener\">Godisnje_izvjesce_2018<\/a> <\/span><\/p>\n<p><span style=\"font-family: arial, helvetica, sans-serif;\"><a href=\"http:\/\/dom-orehovica.hr\/wp-content\/uploads\/2012\/02\/Izvjesce-za-2017-godinu.pdf\" target=\"_blank\" rel=\"noopener\"><span style=\"color: #3366ff;\">Izvjesce za 2017. godinu<\/span> <\/a><\/span><\/p>\n<p><span style=\"font-family: arial, helvetica, sans-serif;\"><a href=\"http:\/\/dom-orehovica.hr\/wp-content\/uploads\/2012\/02\/Godisnje_izvjesce-2.pdf\">Izvje\u0161\u0107e za 2016. godinu<\/a><\/span><\/p>\n<p><span style=\"font-family: arial, helvetica, sans-serif;\"><a href=\"http:\/\/dom-orehovica.hr\/wp-content\/uploads\/2012\/02\/Godisnje_izvjesce-2.pdf\">Izvje\u0161\u0107e za 2015. godinu<\/a><\/span><\/p>\n<p><em><strong>Kriteriji za odre\u0111ivanje visine naknade materijalnih tro\u0161kova i tro\u0161kova dostave informacije:<\/strong><\/em><\/p>\n<p><a href=\"http:\/\/dom-orehovica.hr\/wp-content\/uploads\/2012\/02\/Kriteriji.docx\">Kriteriji za odre\u0111ivanje visine naknade stvarnih materijalnih tro\u0161kova i tro\u0161kova dostave informacije<\/a><\/p>\n<div><\/div>\n","protected":false},"excerpt":{"rendered":"<p>Pravo na pristup informacijama i ponovnu uporabu informacija ostvaruje se u skladu sa Zakonom o pravu na pristup informacijama (\u201eNarodne novine\u201c, broj 25\/2013.). Cilj Zakona je omogu\u0107iti i osigurati ostvarivanje Ustavom Republike Hrvatske zajam\u010denog prava na pristup informacijama, kao i na ponovnu uporabu informacija fizi\u010dkim i pravnim osobama putem otvorenosti i javnosti djelovanja tijela javne&hellip;<\/p>\n","protected":false},"author":3,"featured_media":0,"parent":1231,"menu_order":12,"comment_status":"closed","ping_status":"closed","template":"","meta":{"ngg_post_thumbnail":0,"footnotes":""},"_links":{"self":[{"href":"https:\/\/dom-orehovica.hr\/index.php?rest_route=\/wp\/v2\/pages\/142"}],"collection":[{"href":"https:\/\/dom-orehovica.hr\/index.php?rest_route=\/wp\/v2\/pages"}],"about":[{"href":"https:\/\/dom-orehovica.hr\/index.php?rest_route=\/wp\/v2\/types\/page"}],"author":[{"embeddable":true,"href":"https:\/\/dom-orehovica.hr\/index.php?rest_route=\/wp\/v2\/users\/3"}],"replies":[{"embeddable":true,"href":"https:\/\/dom-orehovica.hr\/index.php?rest_route=%2Fwp%2Fv2%2Fcomments&post=142"}],"version-history":[{"count":14,"href":"https:\/\/dom-orehovica.hr\/index.php?rest_route=\/wp\/v2\/pages\/142\/revisions"}],"predecessor-version":[{"id":4562,"href":"https:\/\/dom-orehovica.hr\/index.php?rest_route=\/wp\/v2\/pages\/142\/revisions\/4562"}],"up":[{"embeddable":true,"href":"https:\/\/dom-orehovica.hr\/index.php?rest_route=\/wp\/v2\/pages\/1231"}],"wp:attachment":[{"href":"https:\/\/dom-orehovica.hr\/index.php?rest_route=%2Fwp%2Fv2%2Fmedia&parent=142"}],"curies":[{"name":"wp","href":"https:\/\/api.w.org\/{rel}","templated":true}]}}