{"id":14,"date":"2011-11-26T10:45:37","date_gmt":"2011-11-26T09:45:37","guid":{"rendered":"http:\/\/dom-orehovica.hr.win7.mojsite.com\/web\/?page_id=14"},"modified":"2011-11-26T10:45:37","modified_gmt":"2011-11-26T09:45:37","slug":"informacije","status":"publish","type":"page","link":"https:\/\/dom-orehovica.hr\/?page_id=14","title":{"rendered":"Informacije"},"content":{"rendered":"<p style=\"text-align: justify;\"><strong>Tko mo\u017ee postati korisnikom Doma za odrasle osobe?<\/strong><br \/>\n<em>Korisnik mo\u017ee postati odrasla osoba kojoj je od strane specijaliste psihijatra postavljenja dijagnoza psihi\u010dke bolesti.<\/em><\/p>\n<p style=\"text-align: justify;\"><strong>Tko i kada pokre\u0107e postupak li\u0161enja poslovne sposobnosti?<\/strong><br \/>\n<em>Centar za socijalnu skrb podnosi prijedlog nadle\u017enom Op\u0107inskom sudu radi pokretanja postupka li\u0161enja poslovne sposobnosti i to na zahtjev srodnika ili po slu\u017ebenoj du\u017enosti kada na temelju psihijatrijskog nalaza i pona\u0161anja \u0161ti\u0107enika procijeni da su ugro\u017eena njegova prava, te da svojim pona\u0161anjem ugro\u017eava sebe i okolinu u kojoj \u017eivi, kada nije svjestan svog pona\u0161anja i postupaka. Naj\u010de\u0161\u0107e je pitanje dugotrajnijeg psihijatrijskog lije\u010denja koje uglavnom \u0161ti\u0107enici ne prihva\u0107aju dragovoljno te se u takvim slu\u010dajevima \u010desto imenuje skrbnik za poseban slu\u010daj, a u me\u0111uvremenu se pokre\u0107e postupak li\u0161enja poslovne sposobnosti.<\/em><\/p>\n<p style=\"text-align: justify;\"><strong>Na koji na\u010din se\u00a0smje\u0161taju\u00a0korisnici u Dom za odrasle osobe?<\/strong><br \/>\n<em>Skrbnik ili rodbina koja vi\u0161e nije u stanju brinuti za svoje bli\u017enje, kojoj je prethodno postavljena dijagnoza psihi\u010dke smetnje, pokre\u0107e kod nadle\u017enog Centra za socijalnu skrb postupak za ostvarivanje prava na skrb izvan vlastite obitelji u vidu stalnog smje\u0161taja u Domu. Na temelju zahtjeva za smje\u0161tanjem, kojeg upu\u0107uje nadle\u017eni centar za socijalnu skrb na\u0161oj ustanovi, Komisija za prijem i otpust korisnika odlu\u010duje o zahtjevu na redovnoj komisiji.<\/em><\/p>\n<p>&nbsp;<\/p>\n","protected":false},"excerpt":{"rendered":"<p>Tko mo\u017ee postati korisnikom Doma za odrasle osobe? Korisnik mo\u017ee postati odrasla osoba kojoj je od strane specijaliste psihijatra postavljenja dijagnoza psihi\u010dke bolesti. Tko i kada pokre\u0107e postupak li\u0161enja poslovne sposobnosti? Centar za socijalnu skrb podnosi prijedlog nadle\u017enom Op\u0107inskom sudu radi pokretanja postupka li\u0161enja poslovne sposobnosti i to na zahtjev srodnika ili po slu\u017ebenoj du\u017enosti&hellip;<\/p>\n","protected":false},"author":2,"featured_media":0,"parent":0,"menu_order":4,"comment_status":"closed","ping_status":"open","template":"","meta":{"ngg_post_thumbnail":0,"footnotes":""},"_links":{"self":[{"href":"https:\/\/dom-orehovica.hr\/index.php?rest_route=\/wp\/v2\/pages\/14"}],"collection":[{"href":"https:\/\/dom-orehovica.hr\/index.php?rest_route=\/wp\/v2\/pages"}],"about":[{"href":"https:\/\/dom-orehovica.hr\/index.php?rest_route=\/wp\/v2\/types\/page"}],"author":[{"embeddable":true,"href":"https:\/\/dom-orehovica.hr\/index.php?rest_route=\/wp\/v2\/users\/2"}],"replies":[{"embeddable":true,"href":"https:\/\/dom-orehovica.hr\/index.php?rest_route=%2Fwp%2Fv2%2Fcomments&post=14"}],"version-history":[{"count":0,"href":"https:\/\/dom-orehovica.hr\/index.php?rest_route=\/wp\/v2\/pages\/14\/revisions"}],"wp:attachment":[{"href":"https:\/\/dom-orehovica.hr\/index.php?rest_route=%2Fwp%2Fv2%2Fmedia&parent=14"}],"curies":[{"name":"wp","href":"https:\/\/api.w.org\/{rel}","templated":true}]}}