{"id":1232,"date":"2011-11-26T10:44:54","date_gmt":"2011-11-26T09:44:54","guid":{"rendered":"http:\/\/dom-orehovica.hr.win7.mojsite.com\/web\/?page_id=10"},"modified":"2025-11-07T14:15:21","modified_gmt":"2025-11-07T13:15:21","slug":"usluge","status":"publish","type":"page","link":"https:\/\/dom-orehovica.hr\/?page_id=1232","title":{"rendered":"Usluge"},"content":{"rendered":"<p style=\"text-align: justify;\">SMJE\u0160TAJNI KAPACITETI<\/p>\n<p style=\"text-align: justify;\">Ustanova mo\u017ee primiti 160 korisnika u usluzi smje\u0161taja i 5 korisnika u usluzi organiziranog stanovanja.<\/p>\n<p style=\"text-align: justify;\">USLUGE I PROGRAMI ZBRINJAVANJA<\/p>\n<p style=\"text-align: justify;\">Dom pru\u017ea usluge skrbi izvan vlastite obitelji odrasloj osobi s mentalnim o\u0161te\u0107enjima kojoj nije potrebni bolni\u010dko lije\u010denje, a skrb joj se ne mo\u017ee pru\u017eiti u vlastitoj obitelji ili osigurati na drugi na\u010din. Usluga smje\u0161taja obuhva\u0107a i pripremu korisnika za povratak u vlastitu obitelj, udomiteljsku obitelj ili za samostalni \u017eivot. Osim stalnog smje\u0161taja Dom nudi i usluge dnevnog boravka, usluge pomo\u0107i i njege u ku\u0107i, stru\u010dnu pomo\u0107 obitelji (patrona\u017ea), te uslugu organiziranog stanovanja.<\/p>\n","protected":false},"excerpt":{"rendered":"<p>SMJE\u0160TAJNI KAPACITETI Ustanova mo\u017ee primiti 160 korisnika u usluzi smje\u0161taja i 5 korisnika u usluzi organiziranog stanovanja. USLUGE I PROGRAMI ZBRINJAVANJA Dom pru\u017ea usluge skrbi izvan vlastite obitelji odrasloj osobi s mentalnim o\u0161te\u0107enjima kojoj nije potrebni bolni\u010dko lije\u010denje, a skrb joj se ne mo\u017ee pru\u017eiti u vlastitoj obitelji ili osigurati na drugi na\u010din. Usluga smje\u0161taja&hellip;<\/p>\n","protected":false},"author":2,"featured_media":0,"parent":0,"menu_order":2,"comment_status":"closed","ping_status":"open","template":"","meta":{"ngg_post_thumbnail":0,"footnotes":""},"_links":{"self":[{"href":"https:\/\/dom-orehovica.hr\/index.php?rest_route=\/wp\/v2\/pages\/1232"}],"collection":[{"href":"https:\/\/dom-orehovica.hr\/index.php?rest_route=\/wp\/v2\/pages"}],"about":[{"href":"https:\/\/dom-orehovica.hr\/index.php?rest_route=\/wp\/v2\/types\/page"}],"author":[{"embeddable":true,"href":"https:\/\/dom-orehovica.hr\/index.php?rest_route=\/wp\/v2\/users\/2"}],"replies":[{"embeddable":true,"href":"https:\/\/dom-orehovica.hr\/index.php?rest_route=%2Fwp%2Fv2%2Fcomments&post=1232"}],"version-history":[{"count":3,"href":"https:\/\/dom-orehovica.hr\/index.php?rest_route=\/wp\/v2\/pages\/1232\/revisions"}],"predecessor-version":[{"id":4376,"href":"https:\/\/dom-orehovica.hr\/index.php?rest_route=\/wp\/v2\/pages\/1232\/revisions\/4376"}],"wp:attachment":[{"href":"https:\/\/dom-orehovica.hr\/index.php?rest_route=%2Fwp%2Fv2%2Fmedia&parent=1232"}],"curies":[{"name":"wp","href":"https:\/\/api.w.org\/{rel}","templated":true}]}}