{"id":12,"date":"2011-11-26T10:45:05","date_gmt":"2011-11-26T09:45:05","guid":{"rendered":"http:\/\/dom-orehovica.hr.win7.mojsite.com\/web\/?page_id=12"},"modified":"2011-11-26T10:45:05","modified_gmt":"2011-11-26T09:45:05","slug":"aktivnosti","status":"publish","type":"page","link":"https:\/\/dom-orehovica.hr\/?page_id=12","title":{"rendered":"Aktivnosti"},"content":{"rendered":"<p style=\"text-align: justify;\">Uz pru\u017eanje osnovnih sadr\u017eaja zbrinjavanja korisnika (stanovanje, prehrana odr\u017eavanje osobne higijene, briga o zdravlju i njega, te skrb fizioterapeuta) u Domu se provode:<\/p>\n<ul>\n<li style=\"text-align: justify;\"><strong>kuturno &#8211; umjetni\u010dke<\/strong> aktivnosti: pripremljenim sadr\u017eajima korisnici predstavljaju u ustanovi i me\u0111udomskim susretima.<\/li>\n<li style=\"text-align: justify;\"><strong>duhovno &#8211; vjerske<\/strong> aktivnosti: u Domu se obilje\u017eavaju crkveni blagdani, slu\u017ei se sveta misa i hodo\u010dasti se u sveti\u0161ta.<\/li>\n<li style=\"text-align: justify;\"><strong>radno &#8211; okupacione<\/strong> aktivnosti: prema interesu i svojim sposobnostima korisnici su uklju\u010deni u poljoprivredne poslove na ekonomiji i vrtu, ure\u0111uju zajedni\u010dke prostore i okoli\u0161 i izra\u0111uju ru\u010dne radove.<\/li>\n<li style=\"text-align: justify;\"><strong>\u0161portsko &#8211; rekreacione<\/strong> aktivnosti: uz rekreacijske aktivnosti formiraju se i sportske ekipe koje sudjeluju na turnirima i igrama prijateljstva u organizaciji srodnih ustanova, te se natje\u010du u plesu i pjevanju.<\/li>\n<\/ul>\n<p>&nbsp;<\/p>\n<p>&nbsp;<\/p>\n","protected":false},"excerpt":{"rendered":"<p>Uz pru\u017eanje osnovnih sadr\u017eaja zbrinjavanja korisnika (stanovanje, prehrana odr\u017eavanje osobne higijene, briga o zdravlju i njega, te skrb fizioterapeuta) u Domu se provode: kuturno &#8211; umjetni\u010dke aktivnosti: pripremljenim sadr\u017eajima korisnici predstavljaju u ustanovi i me\u0111udomskim susretima. duhovno &#8211; vjerske aktivnosti: u Domu se obilje\u017eavaju crkveni blagdani, slu\u017ei se sveta misa i hodo\u010dasti se u sveti\u0161ta.&hellip;<\/p>\n","protected":false},"author":2,"featured_media":0,"parent":0,"menu_order":3,"comment_status":"closed","ping_status":"open","template":"","meta":{"ngg_post_thumbnail":0,"footnotes":""},"_links":{"self":[{"href":"https:\/\/dom-orehovica.hr\/index.php?rest_route=\/wp\/v2\/pages\/12"}],"collection":[{"href":"https:\/\/dom-orehovica.hr\/index.php?rest_route=\/wp\/v2\/pages"}],"about":[{"href":"https:\/\/dom-orehovica.hr\/index.php?rest_route=\/wp\/v2\/types\/page"}],"author":[{"embeddable":true,"href":"https:\/\/dom-orehovica.hr\/index.php?rest_route=\/wp\/v2\/users\/2"}],"replies":[{"embeddable":true,"href":"https:\/\/dom-orehovica.hr\/index.php?rest_route=%2Fwp%2Fv2%2Fcomments&post=12"}],"version-history":[{"count":0,"href":"https:\/\/dom-orehovica.hr\/index.php?rest_route=\/wp\/v2\/pages\/12\/revisions"}],"wp:attachment":[{"href":"https:\/\/dom-orehovica.hr\/index.php?rest_route=%2Fwp%2Fv2%2Fmedia&parent=12"}],"curies":[{"name":"wp","href":"https:\/\/api.w.org\/{rel}","templated":true}]}}